{"id":113,"date":"2021-05-25T16:25:19","date_gmt":"2021-05-25T16:25:19","guid":{"rendered":"http:\/\/leadersinteach.eu\/?page_id=113"},"modified":"2022-05-24T10:12:12","modified_gmt":"2022-05-24T10:12:12","slug":"prodotti","status":"publish","type":"page","link":"http:\/\/leadersinteach.eu\/?page_id=113&lang=it","title":{"rendered":"Prodotti"},"content":{"rendered":"\n<p>IO1 Ambiente di apprendimento delle open resources educative nell&#8217;ambito della pedagogia digitale. Gli obiettivi di questo IO (prodotto intellettuale) sono:<\/p>\n\n\n\n<ul class=\"wp-block-list\"><li>Conoscere il contesto e il quadro di riferimento per le competenze in Pedagogia digitale<\/li><li>Conoscere e gestire diversi approcci pedagogici innovativi<\/li><li>Conoscere e gestire strumenti e servizi web per la creazione, la modifica e la pubblicazione di contenuti digitali innovativi<\/li><li>Selezionare le strategie metodologiche e le risorse didattiche e tecnologiche pi\u00f9 adatte per facilitare l&#8217;apprendimento in base agli obiettivi, ai contenuti e alle capacit\u00e0 tecnologiche dei discenti \u2022 Progettare, pianificare e valutare le attivit\u00e0 di apprendimento secondo una pedagogia innovativa e aperta.<\/li><\/ul>\n\n\n\n<p>Il corso sar\u00e0 focalizzato su un approccio pedagogico di apprendimento attivo affiancato ad elementi motivanti. Questo approccio facilita la comprensione di come l&#8217;uso della tecnologia pu\u00f2 sbloccare ideali pedagogici come la personalizzazione e l&#8217;apprendimento collaborativo. Gli studenti avranno la possibilit\u00e0 di effettuare una valutazione preliminare cos\u00ec da poter identificare in anticipo quale livello di competenze saranno necessarie.<\/p>\n\n\n\n<p>In questo modo potranno scegliere le sezioni ad esse collegate, oppure un processo di apprendimento pi\u00f9 lineare attraverso tutti i moduli. Ogni unit\u00e0 del corso avr\u00e0 una sequenza di apprendimento che offre contenuti, attivit\u00e0, discussioni, riflessioni e modi per verificarne la comprensione. Saranno inclusi una serie di strumenti digitali pratici che faciliteranno l&#8217;organizzazione, il monitoraggio e la valutazione della formazione innovativa in C_VEt, supportando gli insegnanti nell&#8217;adattamento progressivo.<\/p>\n\n\n\n<div class=\"wp-block-buttons is-layout-flex wp-block-buttons-is-layout-flex\">\n<div class=\"wp-block-button has-custom-width wp-block-button__width-100 is-style-fill\"><a class=\"wp-block-button__link has-vivid-cyan-blue-background-color has-background\" href=\"https:\/\/learn.leadersinteach.eu\/moodle\/?lang=it\" rel=\"https:\/\/learn.leadersinteach.eu\/moodle\/\">Ambiente di apprendimento delle open resources educative<\/a><\/div>\n<\/div>\n\n\n\n<p><\/p>\n","protected":false},"excerpt":{"rendered":"<p>IO1 Ambiente di apprendimento delle open resources educative nell&#8217;ambito della pedagogia digitale. Gli obiettivi di questo IO (prodotto intellettuale) sono: Conoscere il contesto e il quadro di riferimento per le competenze in Pedagogia digitale Conoscere e gestire diversi approcci pedagogici innovativi Conoscere e gestire strumenti e servizi web per la creazione, la modifica e la [&hellip;]<\/p>\n","protected":false},"author":1,"featured_media":0,"parent":0,"menu_order":0,"comment_status":"closed","ping_status":"closed","template":"","meta":{"footnotes":""},"class_list":["post-113","page","type-page","status-publish","hentry"],"_links":{"self":[{"href":"http:\/\/leadersinteach.eu\/index.php?rest_route=\/wp\/v2\/pages\/113","targetHints":{"allow":["GET"]}}],"collection":[{"href":"http:\/\/leadersinteach.eu\/index.php?rest_route=\/wp\/v2\/pages"}],"about":[{"href":"http:\/\/leadersinteach.eu\/index.php?rest_route=\/wp\/v2\/types\/page"}],"author":[{"embeddable":true,"href":"http:\/\/leadersinteach.eu\/index.php?rest_route=\/wp\/v2\/users\/1"}],"replies":[{"embeddable":true,"href":"http:\/\/leadersinteach.eu\/index.php?rest_route=%2Fwp%2Fv2%2Fcomments&post=113"}],"version-history":[{"count":5,"href":"http:\/\/leadersinteach.eu\/index.php?rest_route=\/wp\/v2\/pages\/113\/revisions"}],"predecessor-version":[{"id":479,"href":"http:\/\/leadersinteach.eu\/index.php?rest_route=\/wp\/v2\/pages\/113\/revisions\/479"}],"wp:attachment":[{"href":"http:\/\/leadersinteach.eu\/index.php?rest_route=%2Fwp%2Fv2%2Fmedia&parent=113"}],"curies":[{"name":"wp","href":"https:\/\/api.w.org\/{rel}","templated":true}]}}