{"id":118,"date":"2021-05-25T16:33:15","date_gmt":"2021-05-25T16:33:15","guid":{"rendered":"http:\/\/leadersinteach.eu\/?page_id=118"},"modified":"2021-05-25T16:33:15","modified_gmt":"2021-05-25T16:33:15","slug":"di","status":"publish","type":"page","link":"http:\/\/leadersinteach.eu\/?page_id=118&lang=it","title":{"rendered":"Di"},"content":{"rendered":"\n<p>Il progetto \u00e8 pensato per guidare l&#8217;innovazione nello sviluppo di metodi di insegnamento, adattando le competenze di insegnamento-apprendimento C_VET ai cambiamenti nella societ\u00e0 e nel mercato del lavoro dopo la crisi di Co-Vid. In primo luogo, ci\u00f2 viene attuato attraverso il miglioramento delle abilit\u00e0 pedagogiche nell&#8217;ambito della pedagogia digitale; in secondo luogo, sviluppando un programma di formazione innovativo basato su un approccio di andragogia per stimolare i processi di apprendimento. Il progetto \u00e8 dunque un&#8217;opportunit\u00e0 per creare una formazione transnazionale e per esplorare nuove percezioni.<\/p>\n\n\n\n<p>Lavoriamo secondo i criteri dell&#8217;innovazione digitale, creando spazi comuni per la formazione non formale che supportino la creazione di conoscenza condivisa.<\/p>\n","protected":false},"excerpt":{"rendered":"<p>Il progetto \u00e8 pensato per guidare l&#8217;innovazione nello sviluppo di metodi di insegnamento, adattando le competenze di insegnamento-apprendimento C_VET ai cambiamenti nella societ\u00e0 e nel mercato del lavoro dopo la crisi di Co-Vid. In primo luogo, ci\u00f2 viene attuato attraverso il miglioramento delle abilit\u00e0 pedagogiche nell&#8217;ambito della pedagogia digitale; in secondo luogo, sviluppando un programma [&hellip;]<\/p>\n","protected":false},"author":1,"featured_media":0,"parent":0,"menu_order":0,"comment_status":"closed","ping_status":"closed","template":"","meta":{"footnotes":""},"class_list":["post-118","page","type-page","status-publish","hentry"],"_links":{"self":[{"href":"http:\/\/leadersinteach.eu\/index.php?rest_route=\/wp\/v2\/pages\/118","targetHints":{"allow":["GET"]}}],"collection":[{"href":"http:\/\/leadersinteach.eu\/index.php?rest_route=\/wp\/v2\/pages"}],"about":[{"href":"http:\/\/leadersinteach.eu\/index.php?rest_route=\/wp\/v2\/types\/page"}],"author":[{"embeddable":true,"href":"http:\/\/leadersinteach.eu\/index.php?rest_route=\/wp\/v2\/users\/1"}],"replies":[{"embeddable":true,"href":"http:\/\/leadersinteach.eu\/index.php?rest_route=%2Fwp%2Fv2%2Fcomments&post=118"}],"version-history":[{"count":1,"href":"http:\/\/leadersinteach.eu\/index.php?rest_route=\/wp\/v2\/pages\/118\/revisions"}],"predecessor-version":[{"id":119,"href":"http:\/\/leadersinteach.eu\/index.php?rest_route=\/wp\/v2\/pages\/118\/revisions\/119"}],"wp:attachment":[{"href":"http:\/\/leadersinteach.eu\/index.php?rest_route=%2Fwp%2Fv2%2Fmedia&parent=118"}],"curies":[{"name":"wp","href":"https:\/\/api.w.org\/{rel}","templated":true}]}}