{"id":125,"date":"2021-05-25T16:43:16","date_gmt":"2021-05-25T16:43:16","guid":{"rendered":"http:\/\/leadersinteach.eu\/?page_id=125"},"modified":"2021-09-13T17:09:33","modified_gmt":"2021-09-13T17:09:33","slug":"socios","status":"publish","type":"page","link":"http:\/\/leadersinteach.eu\/?page_id=125&lang=es","title":{"rendered":"Socios"},"content":{"rendered":"\n<p>El equipo de Leaders IN TEACH se compone por entidades de diferentes pa\u00edses europeos, lo que ayuda a crear sinergias entre diferentes realidades: Espa\u00f1a, Polonia, Italia y Bulgaria.<\/p>\n\n\n\n<p class=\"has-text-align-center\">Con\u00f3cenos<\/p>\n\n\n\n<section id=\"section-314f889e-e83c-44ad-8658-cbb35b232ff0\" class=\"wp-block-gutentor-advanced-columns gutentor-section gutentor-advanced-columns has-color-bg has-custom-bg\"><div class=\"grid-container\"><div class=\"grid-row\">\n<div id=\"section-988d29f3-b9be-40c9-a90d-a2cf05aee46e\" class=\"wp-block-gutentor-single-column gutentor-single-column  grid-lg-4 grid-md-12 grid-12\">\n<figure class=\"wp-block-image size-large\"><img loading=\"lazy\" decoding=\"async\" width=\"740\" height=\"408\" src=\"http:\/\/leadersinteach.eu\/wp-content\/uploads\/2021\/06\/MEDIA_CREATIVA.jpg\" alt=\"\" class=\"wp-image-225\" srcset=\"http:\/\/leadersinteach.eu\/wp-content\/uploads\/2021\/06\/MEDIA_CREATIVA.jpg 740w, http:\/\/leadersinteach.eu\/wp-content\/uploads\/2021\/06\/MEDIA_CREATIVA-300x165.jpg 300w\" sizes=\"auto, (max-width: 740px) 100vw, 740px\" \/><\/figure>\n<\/div>\n\n\n\n<div id=\"section-65e9d33e-27e1-4f8a-9407-44c70130b706\" class=\"wp-block-gutentor-single-column gutentor-single-column  grid-lg-8 grid-md-12 grid-12\">\n<div id=\"section-dc5b1eca-c936-44f2-a30d-d4f807ee53a1\" class=\"wp-block-gutentor-content-box gutentor-section gutentor-content-box-wrapper content-template1 text-left\"><div class=\"grid-container\"><div class=\"grid-row gutentor-grid-item-wrap\"><div class=\"gutentor-grid-column grid-lg-12 grid-md-12 grid-12\"><div class=\"gutentor-single-item gutentor-single-item-0\"><div class=\"gutentor-single-item-wrap\"><div class=\"gutentor-single-item-content\"><h1 class=\"gutentor-single-item-title\">Mediacreativa<\/h1><p class=\"gutentor-single-item-desc\">MC2020 somos una empresa que ofrece soluciones \u00fanicas para afrontar con \u00e9xito los retos econ\u00f3micos y sociales de acuerdo con los est\u00e1ndares europeos de competitividad, sostenibilidad y cohesi\u00f3n social y territorial.<br>Para ello, trabajamos con una visi\u00f3n global, en una colaboraci\u00f3n permanente con las administraciones locales, auton\u00f3micas y de la Administraci\u00f3n General del Estado, instituciones europeas y diferentes entidades multilaterales.<br>Con un equipo multidisciplinar que cuenta con la experiencia y el conocimiento innovador que implican 15 a\u00f1os de dise\u00f1o, gesti\u00f3n y coordinaci\u00f3n de proyectos, nuestro objetivo es contribuir al \u00e9xito de las instituciones p\u00fablicas durante el proceso de mejora de la gobernanza democr\u00e1tica, social y econ\u00f3mica, a trav\u00e9s de proyectos y iniciativas que tienen como objetivo mejorar la calidad de vida de los ciudadanos.<\/p><\/div><\/div><\/div><\/div><\/div><\/div><\/div>\n<\/div>\n<\/div><\/div><\/section>\n\n\n\n<section id=\"section-5f0a73d9-5aa4-49b6-8586-086d38173794\" class=\"wp-block-gutentor-advanced-columns gutentor-section gutentor-advanced-columns has-color-bg has-custom-bg\"><div class=\"grid-container\"><div class=\"grid-row\">\n<div id=\"section-0823876c-98aa-4429-b746-dff5bab46f47\" class=\"wp-block-gutentor-single-column gutentor-single-column  grid-lg-4 grid-md-12 grid-12\">\n<figure class=\"wp-block-image size-large\"><img loading=\"lazy\" decoding=\"async\" width=\"800\" height=\"416\" src=\"http:\/\/leadersinteach.eu\/wp-content\/uploads\/2021\/06\/BFE_logo.jpg\" alt=\"\" class=\"wp-image-226\" srcset=\"http:\/\/leadersinteach.eu\/wp-content\/uploads\/2021\/06\/BFE_logo.jpg 800w, http:\/\/leadersinteach.eu\/wp-content\/uploads\/2021\/06\/BFE_logo-300x156.jpg 300w, http:\/\/leadersinteach.eu\/wp-content\/uploads\/2021\/06\/BFE_logo-768x399.jpg 768w\" sizes=\"auto, (max-width: 800px) 100vw, 800px\" \/><\/figure>\n<\/div>\n\n\n\n<div id=\"section-88871176-ec3e-4328-b10a-139ca77efd91\" class=\"wp-block-gutentor-single-column gutentor-single-column  grid-lg-8 grid-md-12 grid-12\">\n<div id=\"section-6a9c1377-a943-4e1f-8eaa-7046ebf21f0f\" class=\"wp-block-gutentor-content-box gutentor-section gutentor-content-box-wrapper content-template1 text-left\"><div class=\"grid-container\"><div class=\"grid-row gutentor-grid-item-wrap\"><div class=\"gutentor-grid-column grid-lg-12 grid-md-12 grid-12\"><div class=\"gutentor-single-item gutentor-single-item-0\"><div class=\"gutentor-single-item-wrap\"><div class=\"gutentor-single-item-content\"><h1 class=\"gutentor-single-item-title\">BFE<\/h1><p class=\"gutentor-single-item-desc\">Business Foundation for Education (BFE) es una organizaci\u00f3n b\u00falgara no gubernamental fundada en 2005. . Su misi\u00f3n es facilitar el desarrollo de la sociedad civil mediante iniciativas que mejoren la competitividad de los recursos humanos y contribuyen al desarrollo econ\u00f3mico y la prosperidad. Para lograr sus objetivos, la Fundaci\u00f3n lleva a cabo diversas iniciativas en los \u00e1mbitos de la educaci\u00f3n permanente y la orientaci\u00f3n profesional, el empleo y la pol\u00edtica social, la formaci\u00f3n profesional y el trabajo con j\u00f3venes. BFE es un l\u00edder reconocido en el campo del aprendizaje permanente y la orientaci\u00f3n profesional en Bulgaria. Sus iniciativas han dado un gran impulso al desarrollo del sistema de orientaci\u00f3n profesional en el pa\u00eds y han sensibilizado a todas las partes interesadas y al p\u00fablico en general sobre los beneficios de la orientaci\u00f3n permanente para todas las generaciones. Desde 2005, BFE ha formado a m\u00e1s de 1000 orientadores profesionales en el marco del programa Global Career Development Facilitator (GCDF). La iniciativa est\u00e1 permitiendo el acceso de miles de b\u00falgaros a servicios profesionales, que se ofrecen en m\u00e1s de 600 escuelas, 37 universidades, 28 centros regionales de desarrollo de carrera, 10 centros juveniles, oficinas de trabajo y m\u00e1s de 100 empresas privadas, instituciones p\u00fablicas y ONGs en Bulgaria.<\/p><\/div><\/div><\/div><\/div><\/div><\/div><\/div>\n<\/div>\n<\/div><\/div><\/section>\n\n\n\n<section id=\"section-24bcfd0e-608f-43a4-b39c-62914aaab08a\" class=\"wp-block-gutentor-advanced-columns gutentor-section gutentor-advanced-columns has-color-bg has-custom-bg\"><div class=\"grid-container\"><div class=\"grid-row\">\n<div id=\"section-1f0059c2-5b09-4b40-8602-ac65b2bc3777\" class=\"wp-block-gutentor-single-column gutentor-single-column  grid-lg-4 grid-md-12 grid-12\">\n<figure class=\"wp-block-image size-large\"><img loading=\"lazy\" decoding=\"async\" width=\"480\" height=\"254\" src=\"http:\/\/leadersinteach.eu\/wp-content\/uploads\/2021\/06\/COOSS_Logo.png\" alt=\"\" class=\"wp-image-228\" srcset=\"http:\/\/leadersinteach.eu\/wp-content\/uploads\/2021\/06\/COOSS_Logo.png 480w, http:\/\/leadersinteach.eu\/wp-content\/uploads\/2021\/06\/COOSS_Logo-300x159.png 300w\" sizes=\"auto, (max-width: 480px) 100vw, 480px\" \/><\/figure>\n<\/div>\n\n\n\n<div id=\"section-8afe4c19-0a76-40dc-93be-285665d445e4\" class=\"wp-block-gutentor-single-column gutentor-single-column  grid-lg-8 grid-md-12 grid-12\">\n<div id=\"section-7363fdeb-82dc-4f0c-bd2f-b829078e7bb2\" class=\"wp-block-gutentor-content-box gutentor-section gutentor-content-box-wrapper content-template1 text-left\"><div class=\"grid-container\"><div class=\"grid-row gutentor-grid-item-wrap\"><div class=\"gutentor-grid-column grid-lg-12 grid-md-12 grid-12\"><div class=\"gutentor-single-item gutentor-single-item-0\"><div class=\"gutentor-single-item-wrap\"><div class=\"gutentor-single-item-content\"><h1 class=\"gutentor-single-item-title\">COOSS<\/h1><p class=\"gutentor-single-item-desc\">COOSS es una cooperativa social italiana privada y sin \u00e1nimo de lucro, cuyo objetivo principal es apoyar la integraci\u00f3n de personas desfavorecidas mediante la prestaci\u00f3n de servicios sociales, asistenciales, de atenci\u00f3n, educativos y de formaci\u00f3n, y de proponer intervenciones para satisfacer las diferentes necesidades de la comunidad local. Nacida en 1979, a d\u00eda de hoy COOSS cuenta con m\u00e1s de 2900 miembros y atiende a m\u00e1s de 7400 usuarios, entre los que se encuentran personas de la tercera edad, personas con discapacidad f\u00edsica y ps\u00edquica, menores, j\u00f3venes, personas con problemas de dependencia a las drogas, migrantes&#8230; Reconocida por el gobierno como ente formativo, COOSS es activa en formaci\u00f3n profesional (FP), desarrollando y gestionado cursos de FP, en educaci\u00f3n para adultos y participa en el desarrollo y gesti\u00f3n de proyectos nacionales e internacionales desde 1993.<\/p><\/div><\/div><\/div><\/div><\/div><\/div><\/div>\n<\/div>\n<\/div><\/div><\/section>\n\n\n\n<section id=\"section-570ba18f-3cc4-4cfc-b3b7-45ca90b65ea9\" class=\"wp-block-gutentor-advanced-columns gutentor-section gutentor-advanced-columns has-color-bg has-custom-bg\"><div class=\"grid-container\"><div class=\"grid-row\">\n<div id=\"section-e5498b7a-4d34-4df1-b65f-dd2f88f100a0\" class=\"wp-block-gutentor-single-column gutentor-single-column  grid-lg-4 grid-md-12 grid-12\">\n<div class=\"wp-block-image\"><figure class=\"aligncenter size-large\"><img loading=\"lazy\" decoding=\"async\" width=\"150\" height=\"150\" src=\"http:\/\/leadersinteach.eu\/wp-content\/uploads\/2021\/06\/kczia_logo-150.jpg\" alt=\"\" class=\"wp-image-332\"\/><\/figure><\/div>\n<\/div>\n\n\n\n<div id=\"section-e7fde42e-c849-4f85-bff8-c71c6601c7af\" class=\"wp-block-gutentor-single-column gutentor-single-column  grid-lg-8 grid-md-12 grid-12\">\n<div id=\"section-8a858f16-819f-4e9e-801b-84b725db663f\" class=\"wp-block-gutentor-content-box gutentor-section gutentor-content-box-wrapper content-template1 text-left\"><div class=\"grid-container\"><div class=\"grid-row gutentor-grid-item-wrap\"><div class=\"gutentor-grid-column grid-lg-12 grid-md-12 grid-12\"><div class=\"gutentor-single-item gutentor-single-item-0\"><div class=\"gutentor-single-item-wrap\"><div class=\"gutentor-single-item-content\"><h1 class=\"gutentor-single-item-title\">KCZIA<\/h1><p class=\"gutentor-single-item-desc\">Krakowskie Centrum Zarz\u0105dzania i Administracji sp. z o.o. (KCZIA) &#8211; El Centro de Gesti\u00f3n y Administraci\u00f3n de Cracovia Ltd (http:\/\/www.kczia.eu) es una PYME privada, fundada en Polonia en 1999. KCZIA se especializa en:<br><br>1.Consultor\u00eda y servicios para empresas y ONGs. KCZIA ofrece servicios de externalizaci\u00f3n de alta calidad. Tambi\u00e9n presta servicios de consultor\u00eda en el \u00e1mbito de la gesti\u00f3n empresarial, la promoci\u00f3n de la innovaci\u00f3n, la transferencia de tecnolog\u00eda y la aplicaci\u00f3n de soluciones cient\u00edficas y de investigaci\u00f3n.<br><br>2. Educaci\u00f3n para adultos<br><br>a) KCZIA tiene una amplia experiencia en formaci\u00f3n profesional y no formal para adultos y j\u00f3venes, desarrollada a trav\u00e9s de la participaci\u00f3n en proyectos educativos.<br>b) KCDKO &#8211; Krakowskie Centrum Doskonalenia Kadr O\u015bwiatowych es un centro de innovaci\u00f3n en educaci\u00f3n. KCDKO es autor o coautor de muchos proyectos de \u00e9xito para mejorar el sistema educativo. KCDKO organiza cursos de formaci\u00f3n para profesores, directores y personal escolar trabajando en centros de ense\u00f1anza primaria, media, secundaria y de adultos.<br><br>En todas sus iniciativas, el KCDKO coopera con diversas instituciones de la UE y de Polonia.<\/p><\/div><\/div><\/div><\/div><\/div><\/div><\/div>\n<\/div>\n<\/div><\/div><\/section>\n\n\n\n<section id=\"section-d7ff8f9f-39b7-487f-827e-3c0963c59c7c\" class=\"wp-block-gutentor-advanced-columns gutentor-section gutentor-advanced-columns has-color-bg has-custom-bg\"><div class=\"grid-container\"><div class=\"grid-row\">\n<div id=\"section-d86fd4f4-b947-45c5-af38-6e243814605d\" class=\"wp-block-gutentor-single-column gutentor-single-column  grid-lg-4 grid-md-12 grid-12\">\n<figure class=\"wp-block-image size-large\"><img loading=\"lazy\" decoding=\"async\" width=\"590\" height=\"412\" src=\"http:\/\/leadersinteach.eu\/wp-content\/uploads\/2021\/06\/logofundacion-1.png\" alt=\"\" class=\"wp-image-240\" srcset=\"http:\/\/leadersinteach.eu\/wp-content\/uploads\/2021\/06\/logofundacion-1.png 590w, http:\/\/leadersinteach.eu\/wp-content\/uploads\/2021\/06\/logofundacion-1-300x209.png 300w\" sizes=\"auto, (max-width: 590px) 100vw, 590px\" \/><\/figure>\n<\/div>\n\n\n\n<div id=\"section-339a63be-4384-47f8-b1e7-f33fade53cfc\" class=\"wp-block-gutentor-single-column gutentor-single-column  grid-lg-8 grid-md-12 grid-12\">\n<div id=\"section-c31b5b3d-7651-40a3-a500-c76fadfcd800\" class=\"wp-block-gutentor-content-box gutentor-section gutentor-content-box-wrapper content-template1 text-left\"><div class=\"grid-container\"><div class=\"grid-row gutentor-grid-item-wrap\"><div class=\"gutentor-grid-column grid-lg-12 grid-md-12 grid-12\"><div class=\"gutentor-single-item gutentor-single-item-0\"><div class=\"gutentor-single-item-wrap\"><div class=\"gutentor-single-item-content\"><h1 class=\"gutentor-single-item-title\">Fundaci\u00f3n Juan de los Toyos<\/h1><p class=\"gutentor-single-item-desc\"><br>Juan de los Toyos Fundazioa es una entidad sin animo de lucro que lleva el nobre del Consejero de Trabajo, Prevision y Comunicaciones en el Primer Gobierno Vasco en el a\u00f1o 1936. Hombre de profundos valores sociales y democraticos que la Fundaci\u00f3n asume como propios. <br><br>Nuestra Fundaci\u00f3n se concibe como un espacio abierto de investigacion, debate y encuentro, que permita la participacion democratica y plural de personas e instituciones con el fin de contribuir al progreso social, la mejora de las condiciones de la ciudadania, en especial de aquellos menos favorecidos, y la construccion de una sociedad mas igual y cohesionada. <br><br>Adem\u00e1s somos una institucion que participa activamente en la Sociedad a trav\u00e9s de la realizacion de cursos de formaci\u00f3n para el empleo, tanto para el acceso como para el mantenimiento. Por otra parte realizamos investigaciones, estudios, proyectos, jornadas, exposiciones, entre otras, con el fin de contribuir a crear una sociedad mas justa, cohesionada, igualitaria y solidaria y a su vez, generar conocimiento. Es por ello que hemos decidido coordinar un nuevo programa europeo Erasmus Plus para desarrollar la competencia digital docente. <br><br>El nuevo proyecto llamado &#8220;Leaders In Teach&#8221; ha sido uno de los 15 proyectos seleccionados por el servicio espa\u00f1ol para la internacionalizacion de la educacion SEPIE. Y con \u00e9l, pretendemos proporcionar a los formadores de formaci\u00f3n profesional FP para el empleo, las habilidades necesarias para usar la tecnologia de forma creativa e innnovadora. Impulsando para ello su competencia digital docente.<\/p><\/div><\/div><\/div><\/div><\/div><\/div><\/div>\n<\/div>\n<\/div><\/div><\/section>\n","protected":false},"excerpt":{"rendered":"<p>El equipo de Leaders IN TEACH se compone por entidades de diferentes pa\u00edses europeos, lo que ayuda a crear sinergias entre diferentes realidades: Espa\u00f1a, Polonia, Italia y Bulgaria. Con\u00f3cenos<\/p>\n","protected":false},"author":1,"featured_media":0,"parent":0,"menu_order":0,"comment_status":"closed","ping_status":"closed","template":"","meta":{"footnotes":""},"class_list":["post-125","page","type-page","status-publish","hentry"],"_links":{"self":[{"href":"http:\/\/leadersinteach.eu\/index.php?rest_route=\/wp\/v2\/pages\/125","targetHints":{"allow":["GET"]}}],"collection":[{"href":"http:\/\/leadersinteach.eu\/index.php?rest_route=\/wp\/v2\/pages"}],"about":[{"href":"http:\/\/leadersinteach.eu\/index.php?rest_route=\/wp\/v2\/types\/page"}],"author":[{"embeddable":true,"href":"http:\/\/leadersinteach.eu\/index.php?rest_route=\/wp\/v2\/users\/1"}],"replies":[{"embeddable":true,"href":"http:\/\/leadersinteach.eu\/index.php?rest_route=%2Fwp%2Fv2%2Fcomments&post=125"}],"version-history":[{"count":7,"href":"http:\/\/leadersinteach.eu\/index.php?rest_route=\/wp\/v2\/pages\/125\/revisions"}],"predecessor-version":[{"id":418,"href":"http:\/\/leadersinteach.eu\/index.php?rest_route=\/wp\/v2\/pages\/125\/revisions\/418"}],"wp:attachment":[{"href":"http:\/\/leadersinteach.eu\/index.php?rest_route=%2Fwp%2Fv2%2Fmedia&parent=125"}],"curies":[{"name":"wp","href":"https:\/\/api.w.org\/{rel}","templated":true}]}}