{"id":276,"date":"2021-06-28T09:09:38","date_gmt":"2021-06-28T09:09:38","guid":{"rendered":"http:\/\/leadersinteach.eu\/?page_id=276"},"modified":"2021-09-13T17:36:29","modified_gmt":"2021-09-13T17:36:29","slug":"partnerzy","status":"publish","type":"page","link":"http:\/\/leadersinteach.eu\/?page_id=276&lang=pl","title":{"rendered":"Partnerzy"},"content":{"rendered":"\n<p>Zesp\u00f3\u0142 projektu Leaders IN TEACH sk\u0142ada si\u0119 z podmiot\u00f3w dzia\u0142aj\u0105cych w Hiszpanii, Polsce, W\u0142oszech i Bu\u0142garii. Nasz wsp\u00f3lny projekt przyczyni si\u0119 do scalenia r\u00f3\u017cnych perspektywch spo\u0142eczno-kulturowych i pozwoli na uzyskanie wzmocnienie mi\u0119dzynarodowej wsp\u00f3\u0142pracy.<\/p>\n\n\n\n<p class=\"has-text-align-center\">O nas<\/p>\n\n\n\n<section id=\"section-8ce0b64b-a96d-4ae1-99b3-00656373201f\" class=\"wp-block-gutentor-advanced-columns gutentor-section gutentor-advanced-columns has-color-bg has-custom-bg\"><div class=\"grid-container\"><div class=\"grid-row\">\n<div id=\"section-6037b0a5-4621-4bc7-a381-1f266f2b80f3\" class=\"wp-block-gutentor-single-column gutentor-single-column  grid-lg-4 grid-md-12 grid-12\">\n<figure class=\"wp-block-image size-large\"><img loading=\"lazy\" decoding=\"async\" width=\"740\" height=\"408\" src=\"http:\/\/leadersinteach.eu\/wp-content\/uploads\/2021\/06\/MEDIA_CREATIVA.jpg\" alt=\"\" class=\"wp-image-225\" srcset=\"http:\/\/leadersinteach.eu\/wp-content\/uploads\/2021\/06\/MEDIA_CREATIVA.jpg 740w, http:\/\/leadersinteach.eu\/wp-content\/uploads\/2021\/06\/MEDIA_CREATIVA-300x165.jpg 300w\" sizes=\"auto, (max-width: 740px) 100vw, 740px\" \/><\/figure>\n<\/div>\n\n\n\n<div id=\"section-c1a36c88-f5ae-4ad1-9251-56f003ccc986\" class=\"wp-block-gutentor-single-column gutentor-single-column  grid-lg-8 grid-md-12 grid-12\">\n<div id=\"section-dd7458b6-8659-462f-a75b-5666d251a109\" class=\"wp-block-gutentor-content-box gutentor-section gutentor-content-box-wrapper content-template1 text-left\"><div class=\"grid-container\"><div class=\"grid-row gutentor-grid-item-wrap\"><div class=\"gutentor-grid-column grid-lg-12 grid-md-12 grid-12\"><div class=\"gutentor-single-item gutentor-single-item-0\"><div class=\"gutentor-single-item-wrap\"><div class=\"gutentor-single-item-content\"><h1 class=\"gutentor-single-item-title\">Mediacreativa<\/h1><p class=\"gutentor-single-item-desc\">MC2020 jest firm\u0105, kt\u00f3ra oferuje unikalne rozwi\u0105zania, aby skutecznie stawia\u0107 czo\u0142a wyzwaniom spo\u0142ecznym i gospodarczym zgodnie z europejskimi standardami konkurencyjno\u015bci, zr\u00f3wnowa\u017conego rozwoju oraz sp\u00f3jno\u015bci spo\u0142ecznej i terytorialnej.<br><br>W tym celu pracujemy w ramach globalnej wizji, w sta\u0142ej wsp\u00f3\u0142pracy z administracj\u0105 lokaln\u0105, regionaln\u0105, Generaln\u0105 Administracj\u0105 Pa\u0144stwow\u0105, instytucjami europejskimi i wieloma innymi podmiotami.<br><br>Dzi\u0119ki multidyscyplinarnemu zespo\u0142owi specjalist\u00f3w, kt\u00f3ry posiada fachow\u0105 i innowacyjn\u0105 wiedz\u0119, powsta\u0142\u0105 w wyniku 15 lat projektowania, zarz\u0105dzania i koordynacji projekt\u00f3w, naszym celem jest przyczynianie si\u0119 do sukcesu instytucji publicznych w procesie doskonalenia demokratycznego, spo\u0142ecznego i gospodarczego zarz\u0105dzania poprzez projekty i inicjatywy, kt\u00f3re maj\u0105 na celu popraw\u0119 jako\u015bci \u017cycia obywateli.<\/p><\/div><\/div><\/div><\/div><\/div><\/div><\/div>\n<\/div>\n<\/div><\/div><\/section>\n\n\n\n<section id=\"section-8bc533f1-ac2d-4b59-b4c9-59fa1eae69ae\" class=\"wp-block-gutentor-advanced-columns gutentor-section gutentor-advanced-columns has-color-bg has-custom-bg\"><div class=\"grid-container\"><div class=\"grid-row\">\n<div id=\"section-7d105b4e-bfeb-44c8-8d8c-10bcd57e8a19\" class=\"wp-block-gutentor-single-column gutentor-single-column  grid-lg-4 grid-md-12 grid-12\">\n<figure class=\"wp-block-image size-large\"><img loading=\"lazy\" decoding=\"async\" width=\"800\" height=\"416\" src=\"http:\/\/leadersinteach.eu\/wp-content\/uploads\/2021\/06\/BFE_logo.jpg\" alt=\"\" class=\"wp-image-226\" srcset=\"http:\/\/leadersinteach.eu\/wp-content\/uploads\/2021\/06\/BFE_logo.jpg 800w, http:\/\/leadersinteach.eu\/wp-content\/uploads\/2021\/06\/BFE_logo-300x156.jpg 300w, http:\/\/leadersinteach.eu\/wp-content\/uploads\/2021\/06\/BFE_logo-768x399.jpg 768w\" sizes=\"auto, (max-width: 800px) 100vw, 800px\" \/><\/figure>\n<\/div>\n\n\n\n<div id=\"section-cc27856b-1684-44b1-890c-eeac88c82119\" class=\"wp-block-gutentor-single-column gutentor-single-column  grid-lg-8 grid-md-12 grid-12\">\n<div id=\"section-3c407822-a208-4547-b87a-5245edc26977\" class=\"wp-block-gutentor-content-box gutentor-section gutentor-content-box-wrapper content-template1 text-left\"><div class=\"grid-container\"><div class=\"grid-row gutentor-grid-item-wrap\"><div class=\"gutentor-grid-column grid-lg-12 grid-md-12 grid-12\"><div class=\"gutentor-single-item gutentor-single-item-0\"><div class=\"gutentor-single-item-wrap\"><div class=\"gutentor-single-item-content\"><h1 class=\"gutentor-single-item-title\">BFE<\/h1><p class=\"gutentor-single-item-desc\">Business Foundation for Education (BFE) to bu\u0142garska organizacja pozarz\u0105dowa za\u0142o\u017cona w 2005 roku. Jej misj\u0105 jest u\u0142atwianie rozwoju spo\u0142ecze\u0144stwa obywatelskiego poprzez inicjatywy zwi\u0119kszaj\u0105ce konkurencyjno\u015b\u0107 zasob\u00f3w ludzkich oraz przyczyniaj\u0105ce si\u0119 do rozwoju gospodarczego i dobrobytu. Aby osi\u0105gn\u0105\u0107 swoje cele, fundacja realizuje r\u00f3\u017cnorodne inicjatywy z zakresu uczenia si\u0119 przez ca\u0142e \u017cycie i poradnictwa zawodowego, polityki zatrudnienia i polityki spo\u0142ecznej oraz pracy z m\u0142odzie\u017c\u0105.<br><br>BFE jest uznanym liderem w dziedzinie uczenia si\u0119 przez ca\u0142e \u017cycie i poradnictwa zawodowego w Bu\u0142garii. Inicjatywy organziacji da\u0142y du\u017cy impuls do rozwoju systemu poradnictwa zawodowego w kraju i podnios\u0142y \u015bwiadomo\u015b\u0107 wszystkich interesariuszy i opinii publicznej na temat korzy\u015bci p\u0142yn\u0105cych z kszta\u0142cenia doros\u0142ych.<br><br>Od 2005 roku BFE przeszkoli\u0142o ponad 1000 doradc\u00f3w zawodowych w ramach programu Global Career Development Facilitator (GCDF). Inicjatywa umo\u017cliwia dost\u0119p do poradnictwa zawodowego w ponad 600 szko\u0142ach, 37 uniwersytetach, 28 regionalnych centrach rozwoju kariery, 10 o\u015brodkach m\u0142odzie\u017cowych, urz\u0119dach pracy i ponad 100 firmach prywatnych, instytucjach publicznych i organizacjach pozarz\u0105dowych w Bu\u0142garii.<\/p><\/div><\/div><\/div><\/div><\/div><\/div><\/div>\n<\/div>\n<\/div><\/div><\/section>\n\n\n\n<section id=\"section-a9e8ae5f-15a7-4cfd-a379-42ac15130228\" class=\"wp-block-gutentor-advanced-columns gutentor-section gutentor-advanced-columns has-color-bg has-custom-bg\"><div class=\"grid-container\"><div class=\"grid-row\">\n<div id=\"section-7aa29bf8-e656-49d9-95de-75ff8234bd9a\" class=\"wp-block-gutentor-single-column gutentor-single-column  grid-lg-4 grid-md-12 grid-12\">\n<figure class=\"wp-block-image size-large\"><img loading=\"lazy\" decoding=\"async\" width=\"480\" height=\"254\" src=\"http:\/\/leadersinteach.eu\/wp-content\/uploads\/2021\/06\/COOSS_Logo.png\" alt=\"\" class=\"wp-image-228\" srcset=\"http:\/\/leadersinteach.eu\/wp-content\/uploads\/2021\/06\/COOSS_Logo.png 480w, http:\/\/leadersinteach.eu\/wp-content\/uploads\/2021\/06\/COOSS_Logo-300x159.png 300w\" sizes=\"auto, (max-width: 480px) 100vw, 480px\" \/><\/figure>\n<\/div>\n\n\n\n<div id=\"section-480011d4-83a9-4578-933c-6547aec79cc2\" class=\"wp-block-gutentor-single-column gutentor-single-column  grid-lg-8 grid-md-12 grid-12\">\n<div id=\"section-6cdbcd1d-d9d0-41c7-a468-7b558cf0684b\" class=\"wp-block-gutentor-content-box gutentor-section gutentor-content-box-wrapper content-template1 text-left\"><div class=\"grid-container\"><div class=\"grid-row gutentor-grid-item-wrap\"><div class=\"gutentor-grid-column grid-lg-12 grid-md-12 grid-12\"><div class=\"gutentor-single-item gutentor-single-item-0\"><div class=\"gutentor-single-item-wrap\"><div class=\"gutentor-single-item-content\"><h1 class=\"gutentor-single-item-title\">COOSS<\/h1><p class=\"gutentor-single-item-desc\">COOSS to w\u0142oska prywatna organizacja non profit, kt\u00f3rej g\u0142\u00f3wnym celem jest wspieranie integracji os\u00f3b znajduj\u0105cych si\u0119 w niekorzystnej sytuacji poprzez \u015bwiadczenie us\u0142ug socjalnych, pomocowych, opieku\u0144czych, edukacyjnych i szkoleniowych oraz proponowanie interwencji w celu zaspokojenia r\u00f3\u017cnych potrzeb spo\u0142eczno\u015bci lokalnej. Powsta\u0142a w 1979 r. COOSS liczy obecnie ponad 2900 pracownik\u00f3w i obs\u0142uguje ponad 7.400 klient\u00f3w, w tym osoby starsze, niepe\u0142nosprawne, upo\u015bledzone umys\u0142owo, nieletnich, osoby uzale\u017cnione, migrant\u00f3w.<br><br>Uznana przez rz\u0105d regionalny, COOSS jest r\u00f3wnie\u017c aktywna w kszta\u0142ceniu i szkoleniu zawodowym (VET), zarz\u0105dzaniu i rozwijaniu inicjatyw VET (zar\u00f3wno w ramach szkole\u0144 wprowadzaj\u0105cych, jak i dla zaawansowanych), kieruje dzia\u0142aniami w zakresie edukacji doros\u0142ych oraz jest aktywna w zarz\u0105dzaniu projektami krajowymi i mi\u0119dzynarodowymi od 1993 roku.<\/p><\/div><\/div><\/div><\/div><\/div><\/div><\/div>\n<\/div>\n<\/div><\/div><\/section>\n\n\n\n<section id=\"section-ab8db68c-634d-4c19-b446-07e8d8ad60ad\" class=\"wp-block-gutentor-advanced-columns gutentor-section gutentor-advanced-columns has-color-bg has-custom-bg\"><div class=\"grid-container\"><div class=\"grid-row\">\n<div id=\"section-d9385f4b-1def-460c-bf93-42b9887f77bc\" class=\"wp-block-gutentor-single-column gutentor-single-column  grid-lg-4 grid-md-12 grid-12\">\n<div class=\"wp-block-image\"><figure class=\"aligncenter size-large\"><img loading=\"lazy\" decoding=\"async\" width=\"150\" height=\"150\" src=\"http:\/\/leadersinteach.eu\/wp-content\/uploads\/2021\/06\/kczia_logo-150.jpg\" alt=\"\" class=\"wp-image-332\"\/><\/figure><\/div>\n<\/div>\n\n\n\n<div id=\"section-25b049b5-ec3c-4e2f-af16-409ead8803ca\" class=\"wp-block-gutentor-single-column gutentor-single-column  grid-lg-8 grid-md-12 grid-12\">\n<div id=\"section-81c1c98c-63a8-461e-ba87-fd69883c68cf\" class=\"wp-block-gutentor-content-box gutentor-section gutentor-content-box-wrapper content-template1 text-left\"><div class=\"grid-container\"><div class=\"grid-row gutentor-grid-item-wrap\"><div class=\"gutentor-grid-column grid-lg-12 grid-md-12 grid-12\"><div class=\"gutentor-single-item gutentor-single-item-0\"><div class=\"gutentor-single-item-wrap\"><div class=\"gutentor-single-item-content\"><h1 class=\"gutentor-single-item-title\">KCZIA<\/h1><p class=\"gutentor-single-item-desc\">Krakowskie Centrum Zarz\u0105dzania i Administracji Sp. z o.o. jest prywatn\u0105 firm\u0105 za\u0142o\u017con\u0105 w 1999 roku. Specjalizuje si\u0119 w:<br><br>1. Konsultingu i us\u0142ugach dla firm oraz organizacji pozarz\u0105dowych. KCZiA oferuje wysokiej jako\u015bci us\u0142ugi outsourcingowe. Prowadzi tak\u017ce us\u0142ugi doradcze w zakresie zarz\u0105dzania przedsiebiorstwami, promowania innowacyjno\u015bci, transferu technologii, wdra\u017cania rozwi\u0105za\u0144 naukowo-badawczych.<br><br>2. Edukacji dla doros\u0142ych<br>a) KCZiA ma szerokie do\u015bwiadczenie w szkoleniach zawodowych i mi\u0119kkich, skierowanych do os\u00f3b doros\u0142ych i m\u0142odzie\u017cy, wypracowane wskutek udzia\u0142u w projektach edukacyjnych.<br>b) Krakowskie Centrum Doskonalenia Kadr O\u015bwiatowych (KCDKO). KCDKO jest o\u015brodkiem zajmuj\u0105cym si\u0119 innowacj\u0105 w edukacji. KCDKO autorem lub wsp\u00f3\u0142autorem wielu zako\u0144czonych z sukcesem projekt\u00f3w doskonal\u0105cych system edukacji. KCDKO organizuje szkolenia dla nauczycieli, dyrekcji oraz innego personelu szkolnego, pracuj\u0105cych w szko\u0142ach podstawowych, gimnazjach, \u015brednich i dla doros\u0142ych.<br><br>We wszystkich inicjatywach KCZiA wsp\u00f3\u0142pracuje z r\u00f3\u017cnymi instytucjami z UE i Polski.<\/p><\/div><\/div><\/div><\/div><\/div><\/div><\/div>\n<\/div>\n<\/div><\/div><\/section>\n\n\n\n<section id=\"section-58ba2710-607e-4515-8ff5-7f5866bae22e\" class=\"wp-block-gutentor-advanced-columns gutentor-section gutentor-advanced-columns has-color-bg has-custom-bg\"><div class=\"grid-container\"><div class=\"grid-row\">\n<div id=\"section-380112d9-5b5f-49e6-a77c-417d0264b211\" class=\"wp-block-gutentor-single-column gutentor-single-column  grid-lg-4 grid-md-12 grid-12\">\n<figure class=\"wp-block-image size-large\"><img loading=\"lazy\" decoding=\"async\" width=\"590\" height=\"412\" src=\"http:\/\/leadersinteach.eu\/wp-content\/uploads\/2021\/06\/logofundacion-1.png\" alt=\"\" class=\"wp-image-240\" srcset=\"http:\/\/leadersinteach.eu\/wp-content\/uploads\/2021\/06\/logofundacion-1.png 590w, http:\/\/leadersinteach.eu\/wp-content\/uploads\/2021\/06\/logofundacion-1-300x209.png 300w\" sizes=\"auto, (max-width: 590px) 100vw, 590px\" \/><\/figure>\n<\/div>\n\n\n\n<div id=\"section-9c88398b-cdfe-4e5c-a595-928fa5c302e0\" class=\"wp-block-gutentor-single-column gutentor-single-column  grid-lg-8 grid-md-12 grid-12\">\n<div id=\"section-75fe1fbc-764b-46c6-8070-63c2b25b7aa9\" class=\"wp-block-gutentor-content-box gutentor-section gutentor-content-box-wrapper content-template1 text-left\"><div class=\"grid-container\"><div class=\"grid-row gutentor-grid-item-wrap\"><div class=\"gutentor-grid-column grid-lg-12 grid-md-12 grid-12\"><div class=\"gutentor-single-item gutentor-single-item-0\"><div class=\"gutentor-single-item-wrap\"><div class=\"gutentor-single-item-content\"><h1 class=\"gutentor-single-item-title\">Fundaci\u00f3n Juan de los Toyos<\/h1><p class=\"gutentor-single-item-desc\">Juan de los Toyos Fundazioa jest organizacj\u0105 non profit, kt\u00f3ra przyj\u0119\u0142a imi\u0119 ministra pracy, bezpiecze\u0144stwa publicznego i komunikacji, kt\u00f3ry zosta\u0142 powo\u0142any na stanowisko przez pierwszy rz\u0105d baskijski w 1936 roku. By\u0142 cz\u0142owiekiem o g\u0142\u0119boko zakorzenionych warto\u015bciach demokratycznych, w zgodzie z nimi fundacja prowadzi swoje dzia\u0142ania. <br><br>Nasza organizacja funkcjonuje jako otwarta przestrze\u0144 do bada\u0144, debaty i spotka\u0144. Dzi\u0119ki temu przyczynia si\u0119 do post\u0119pu spo\u0142ecznego i poprawy warunk\u00f3w \u017cycia obywateli, zw\u0142aszcza tych mniej uprzywilejowanych, oraz budowania bardziej r\u00f3wnego i sp\u00f3jnego spo\u0142ecze\u0144stwa. Jeste\u015bmy r\u00f3wnie\u017c instytucj\u0105, kt\u00f3ra aktywnie uczestniczy w spo\u0142ecze\u0144stwie poprzez realizacj\u0119 szkole\u0144 dla zatrudnienia, zar\u00f3wno w zakresie dost\u0119pno\u015bci, jak i utrzymania miejsc pracy. <br><br>Z drugiej strony prowadzimy badania, studia, projekty, konferencje i wystawy m.in. po to, aby przyczyni\u0107 si\u0119 do tworzenia bardziej sprawiedliwego, bardziej sp\u00f3jnego, egalitarnego i wspieraj\u0105cego spo\u0142ecze\u0144stwa, a jednocze\u015bnie do generowania wiedzy. Dlatego zdecydowali\u015bmy si\u0119 koordynowa\u0107 nowy europejski program Erasmus Plus, aby rozwija\u0107 kompetencje cyfrowe w nauczaniu. <br><br>Nowy projekt o nazwie \u201eLeaders In Teach\u201d jest jednym z 15 projekt\u00f3w wybranych przez hiszpa\u0144sk\u0105 s\u0142u\u017cb\u0119 do internalizacji edukacji SEPIE. Ir ma na celu zapewnienie trenerom VET umiej\u0119tno\u015bci niezb\u0119dnych do korzystania z technologii w kreatywny i innowacyjny spos\u00f3b. W tym celu d\u0105\u017cymy do zwi\u0119kszenia ich kompetencji w zakresie edukacji cyfrowej.<\/p><\/div><\/div><\/div><\/div><\/div><\/div><\/div>\n<\/div>\n<\/div><\/div><\/section>\n","protected":false},"excerpt":{"rendered":"<p>Zesp\u00f3\u0142 projektu Leaders IN TEACH sk\u0142ada si\u0119 z podmiot\u00f3w dzia\u0142aj\u0105cych w Hiszpanii, Polsce, W\u0142oszech i Bu\u0142garii. Nasz wsp\u00f3lny projekt przyczyni si\u0119 do scalenia r\u00f3\u017cnych perspektywch spo\u0142eczno-kulturowych i pozwoli na uzyskanie wzmocnienie mi\u0119dzynarodowej wsp\u00f3\u0142pracy. O nas<\/p>\n","protected":false},"author":1,"featured_media":0,"parent":0,"menu_order":0,"comment_status":"closed","ping_status":"closed","template":"","meta":{"footnotes":""},"class_list":["post-276","page","type-page","status-publish","hentry"],"_links":{"self":[{"href":"http:\/\/leadersinteach.eu\/index.php?rest_route=\/wp\/v2\/pages\/276","targetHints":{"allow":["GET"]}}],"collection":[{"href":"http:\/\/leadersinteach.eu\/index.php?rest_route=\/wp\/v2\/pages"}],"about":[{"href":"http:\/\/leadersinteach.eu\/index.php?rest_route=\/wp\/v2\/types\/page"}],"author":[{"embeddable":true,"href":"http:\/\/leadersinteach.eu\/index.php?rest_route=\/wp\/v2\/users\/1"}],"replies":[{"embeddable":true,"href":"http:\/\/leadersinteach.eu\/index.php?rest_route=%2Fwp%2Fv2%2Fcomments&post=276"}],"version-history":[{"count":4,"href":"http:\/\/leadersinteach.eu\/index.php?rest_route=\/wp\/v2\/pages\/276\/revisions"}],"predecessor-version":[{"id":424,"href":"http:\/\/leadersinteach.eu\/index.php?rest_route=\/wp\/v2\/pages\/276\/revisions\/424"}],"wp:attachment":[{"href":"http:\/\/leadersinteach.eu\/index.php?rest_route=%2Fwp%2Fv2%2Fmedia&parent=276"}],"curies":[{"name":"wp","href":"https:\/\/api.w.org\/{rel}","templated":true}]}}