{"id":46,"date":"2021-05-19T17:16:17","date_gmt":"2021-05-19T17:16:17","guid":{"rendered":"http:\/\/leadersinteach.eu\/?page_id=46"},"modified":"2021-06-28T08:58:43","modified_gmt":"2021-06-28T08:58:43","slug":"strona-glowna","status":"publish","type":"page","link":"http:\/\/leadersinteach.eu\/?page_id=46&lang=pl","title":{"rendered":"STRONA G\u0141\u00d3WNA"},"content":{"rendered":"\n<p>To miejsce, w kt\u00f3rym znajdziesz wszystkie informacje o projekcie Leaders IN TEACH, stworzonym w ramach programu Erasmus+, kt\u00f3rego cele i rezultaty mog\u0105 okaza\u0107 si\u0119 pomocnym narz\u0119dziem w twojej pracy.<\/p>\n\n\n\n<p>To miejsce, w kt\u00f3rym znajdziesz wszystkie informacje o projekcie Leaders IN TEACH, stworzonym w ramach programu Erasmus+, kt\u00f3rego cele i rezultaty mog\u0105 okaza\u0107 si\u0119 pomocnym narz\u0119dziem w twojej pracy.<\/p>\n\n\n\n<p>Naszym g\u0142\u00f3wnym celem jest wyposa\u017cenie trener\u00f3w w umiej\u0119tno\u015bci niezb\u0119dne do kreatywnego korzystania z technologii, aby odpowiedzie\u0107 na potrzeby uczestnik\u00f3w szkolenia w zakresie konieczno\u015bci rozwijania kompetencji cyfrowych w dzisiejszej rzeczywisto\u015bci. Aby m\u00f3c to zrobi\u0107 i wprowadzi\u0107 technologi\u0119 na zaj\u0119cia, konieczne jest doskonalenie kompetencji z zakresu Pedagogiki Cyfrowej. W tej dziedzinie wiedzy nie chodzi o sam\u0105 znajomo\u015b\u0107 technologii; chodzi o spos\u00f3b, w jaki chcemy uczy\u0107 i o spos\u00f3b, w jaki uczniowie chc\u0105 si\u0119 uczy\u0107, b\u0119d\u0105c wspomaganym przez technologi\u0119.<\/p>\n\n\n\n<p>Trenerzy C-VET chc\u0105 posi\u0105\u015b\u0107 kompetencje cyfrowe, aby skutecznie naucza\u0107 przy wykorzystaniu wsp\u00f3\u0142czesnej technologii. Tutaj wkracza pedagogika cyfrowa. Kompetencje cyfrowe mog\u0105 umo\u017cliwi\u0107 skuteczne wykorzystanie swojej wiedzy do z\u0142agodzenia wp\u0142ywu pandemii COVID-19 na edukacj\u0119.<\/p>\n\n\n\n<p>Trenerzy systemu C-VET przed posiadaniem wiedzy teoretycznej z zakresu korzystania z narz\u0119dzi cyfrowych musz\u0105 mie\u0107 r\u00f3wnie\u017c odpowiednie przygotowanie pedagogiczne. Powinni wiedzie\u0107, jak pomaga\u0107 uczniom zdobywa\u0107 wiedz\u0119 i jak motywowa\u0107 ich do pracy w ramach zaj\u0119\u0107 online. Dlatego te\u017c nauczyciele musz\u0105 nauczy\u0107 si\u0119 korzysta\u0107 z dost\u0119pnych zasob\u00f3w, aby tworzy\u0107 i dostosowywa\u0107 tre\u015bci do wsp\u00f3\u0142czesnych mo\u017cliwo\u015bci technologicznych. Drugim celem naszych dzia\u0142a\u0144 jest wspieranie procesu integracji spo\u0142ecznej istotnej szczeg\u00f3lnie w kontek\u015bcie C_VET.<\/p>\n","protected":false},"excerpt":{"rendered":"<p>To miejsce, w kt\u00f3rym znajdziesz wszystkie informacje o projekcie Leaders IN TEACH, stworzonym w ramach programu Erasmus+, kt\u00f3rego cele i rezultaty mog\u0105 okaza\u0107 si\u0119 pomocnym narz\u0119dziem w twojej pracy. To miejsce, w kt\u00f3rym znajdziesz wszystkie informacje o projekcie Leaders IN TEACH, stworzonym w ramach programu Erasmus+, kt\u00f3rego cele i rezultaty mog\u0105 okaza\u0107 si\u0119 pomocnym narz\u0119dziem [&hellip;]<\/p>\n","protected":false},"author":1,"featured_media":0,"parent":0,"menu_order":0,"comment_status":"closed","ping_status":"closed","template":"","meta":{"footnotes":""},"class_list":["post-46","page","type-page","status-publish","hentry"],"_links":{"self":[{"href":"http:\/\/leadersinteach.eu\/index.php?rest_route=\/wp\/v2\/pages\/46","targetHints":{"allow":["GET"]}}],"collection":[{"href":"http:\/\/leadersinteach.eu\/index.php?rest_route=\/wp\/v2\/pages"}],"about":[{"href":"http:\/\/leadersinteach.eu\/index.php?rest_route=\/wp\/v2\/types\/page"}],"author":[{"embeddable":true,"href":"http:\/\/leadersinteach.eu\/index.php?rest_route=\/wp\/v2\/users\/1"}],"replies":[{"embeddable":true,"href":"http:\/\/leadersinteach.eu\/index.php?rest_route=%2Fwp%2Fv2%2Fcomments&post=46"}],"version-history":[{"count":2,"href":"http:\/\/leadersinteach.eu\/index.php?rest_route=\/wp\/v2\/pages\/46\/revisions"}],"predecessor-version":[{"id":271,"href":"http:\/\/leadersinteach.eu\/index.php?rest_route=\/wp\/v2\/pages\/46\/revisions\/271"}],"wp:attachment":[{"href":"http:\/\/leadersinteach.eu\/index.php?rest_route=%2Fwp%2Fv2%2Fmedia&parent=46"}],"curies":[{"name":"wp","href":"https:\/\/api.w.org\/{rel}","templated":true}]}}