{"id":491,"date":"2022-05-24T14:15:30","date_gmt":"2022-05-24T14:15:30","guid":{"rendered":"http:\/\/leadersinteach.eu\/?page_id=491"},"modified":"2022-05-24T14:16:58","modified_gmt":"2022-05-24T14:16:58","slug":"politica-de-privacidad-rgpd","status":"publish","type":"page","link":"http:\/\/leadersinteach.eu\/?page_id=491","title":{"rendered":"POL\u00cdTICA DE PRIVACIDAD RGPD"},"content":{"rendered":"\n<h2 class=\"wp-block-heading\"><strong>Datos del Responsable del Tratamiento<\/strong><\/h2>\n\n\n\n<p>Responsable del tratamiento: <strong>Fundacion Ju\u00e1n de los Toyos<\/strong><\/p>\n\n\n\n<p>C<strong>IF:<\/strong> G48809354<\/p>\n\n\n\n<p><strong>Dir. Postal:<\/strong>  Avda Juntas Generales, 4 &#8211; 48901 Barakaldo<\/p>\n\n\n\n<p>T<strong>el\u00e9fono:<\/strong> 607552438<\/p>\n\n\n\n<p><strong>Contacto Delegado de Protecci\u00f3n de Datos (DPO)<\/strong>: dpo@fundacionjuandelostoyos.com<\/p>\n\n\n\n<h2 class=\"wp-block-heading\"><strong>Finalidades<\/strong><\/h2>\n\n\n\n<p>Te informamos que tratamos la informaci\u00f3n que voluntariamente nos has facilitado para la atenci\u00f3n de consultas y contactos recibidos a trav\u00e9s de este Sitio Web.<\/p>\n\n\n\n<h2 class=\"wp-block-heading\">Conservaci\u00f3n<\/h2>\n\n\n\n<p>Con respecto a los datos proporcionados, se conservar\u00e1n durante no m\u00e1s tiempo del necesario para gestionar la resoluci\u00f3n y respuesta a la consulta planteada, as\u00ed como durante los per\u00edodos de tiempo exigidos por los requerimientos legales existentes.<\/p>\n\n\n\n<h2 class=\"wp-block-heading\">Legitimaci\u00f3n<\/h2>\n\n\n\n<p>Te informamos que la base jur\u00eddica en la que se basa el tratamiento de tus datos personales para la finalidad principal indicada es la obtenci\u00f3n de tu consentimiento inequ\u00edvoco mediante la marcaci\u00f3n de las casillas correspondientes que han podido ser habilitadas en diferentes apartados de este Sitio Web. Igualmente, nos basamos en el inter\u00e9s leg\u00edtimo de poder y deber responder a todas las cuestiones que nos plantees a trav\u00e9s de cualquier apartado o dato de contacto puesto a tu disposici\u00f3n.<br>Sin perjuicio de que la voluntad inicial de contacto provenga de ti, es importante que conozcas la posibilidad de oponerte en cualquier momento al tratamiento de tus datos por nuestra parte mediante petici\u00f3n enviada seg\u00fan el procedimiento de ejercicio de derechos indicado a continuaci\u00f3n.<\/p>\n\n\n\n<h2 class=\"wp-block-heading\">Destinatarios<\/h2>\n\n\n\n<p>Para gestionar correctamente las finalidades principales anteriormente mencionadas, y en funci\u00f3n del tipo de consulta que el usuario haya planteado, podr\u00e1 ser necesario ceder tus datos a otras asociaciones que participan del proyecto Leaders In Teach<br>No ser\u00e1 necesario enviar sus datos a pa\u00edses que se encuentren situados fuera de la Uni\u00f3n Europea.<\/p>\n\n\n\n<h2 class=\"wp-block-heading\">Derechos<\/h2>\n\n\n\n<p>Como titular de los datos tratados por la Fundaci\u00f3n, tienes la posibilidad de ejercitar tus derechos de acceso, rectificaci\u00f3n, oposici\u00f3n, supresi\u00f3n, limitaci\u00f3n del tratamiento, portabilidad y a no ser objeto de decisiones individualizadas basadas exclusivamente en tratamientos automatizados.<br>Estos Derechos, podr\u00e1n ejercitarse mediante comunicaci\u00f3n a las direcciones postal o del DPO especificadas previamente.<br>Adem\u00e1s, sin perjuicio de que hayas mostrado tu consentimiento para realizar el tratamiento sobre tus datos, es importante que conozcas la posibilidad de retirarlo en cualquier momento mediante petici\u00f3n enviada a las anteriores direcciones.<br>Por \u00faltimo, se informa de que tienes la posibilidad de realizar una reclamaci\u00f3n ante la Agencia Espa\u00f1ola de Protecci\u00f3n de Datos, \u00f3rgano competente en materia de Protecci\u00f3n de Datos en Espa\u00f1a.<\/p>\n\n\n\n<p><\/p>\n\n\n\n<p><\/p>\n\n\n\n<p><\/p>\n\n\n\n<p><\/p>\n","protected":false},"excerpt":{"rendered":"<p>Datos del Responsable del Tratamiento Responsable del tratamiento: Fundacion Ju\u00e1n de los Toyos CIF: G48809354 Dir. Postal: Avda Juntas Generales, 4 &#8211; 48901 Barakaldo Tel\u00e9fono: 607552438 Contacto Delegado de Protecci\u00f3n de Datos (DPO): dpo@fundacionjuandelostoyos.com Finalidades Te informamos que tratamos la informaci\u00f3n que voluntariamente nos has facilitado para la atenci\u00f3n de consultas y contactos recibidos a [&hellip;]<\/p>\n","protected":false},"author":1,"featured_media":0,"parent":0,"menu_order":0,"comment_status":"closed","ping_status":"closed","template":"","meta":{"footnotes":""},"class_list":["post-491","page","type-page","status-publish","hentry"],"_links":{"self":[{"href":"http:\/\/leadersinteach.eu\/index.php?rest_route=\/wp\/v2\/pages\/491","targetHints":{"allow":["GET"]}}],"collection":[{"href":"http:\/\/leadersinteach.eu\/index.php?rest_route=\/wp\/v2\/pages"}],"about":[{"href":"http:\/\/leadersinteach.eu\/index.php?rest_route=\/wp\/v2\/types\/page"}],"author":[{"embeddable":true,"href":"http:\/\/leadersinteach.eu\/index.php?rest_route=\/wp\/v2\/users\/1"}],"replies":[{"embeddable":true,"href":"http:\/\/leadersinteach.eu\/index.php?rest_route=%2Fwp%2Fv2%2Fcomments&post=491"}],"version-history":[{"count":1,"href":"http:\/\/leadersinteach.eu\/index.php?rest_route=\/wp\/v2\/pages\/491\/revisions"}],"predecessor-version":[{"id":492,"href":"http:\/\/leadersinteach.eu\/index.php?rest_route=\/wp\/v2\/pages\/491\/revisions\/492"}],"wp:attachment":[{"href":"http:\/\/leadersinteach.eu\/index.php?rest_route=%2Fwp%2Fv2%2Fmedia&parent=491"}],"curies":[{"name":"wp","href":"https:\/\/api.w.org\/{rel}","templated":true}]}}